{"id":16906,"date":"2025-05-14T03:41:50","date_gmt":"2025-05-14T03:41:50","guid":{"rendered":"http:\/\/164.90.132.79\/?page_id=16906"},"modified":"2026-03-25T03:44:17","modified_gmt":"2026-03-25T03:44:17","slug":"applikacja-2025-2026","status":"publish","type":"page","link":"https:\/\/mojaszkola.com\/?page_id=16906","title":{"rendered":"Applikacja 2026 \/ 2027"},"content":{"rendered":"\n<div id=\"cmsmasters_row_9hxpxvo7vf\" class=\"cmsmasters_row cmsmasters_color_scheme_default fullwidthrow cmsmasters_row_top_default cmsmasters_row_bot_default cmsmasters_row_fullwidth\">\n<div class=\"cmsmasters_row_outer_parent\">\n<div class=\"cmsmasters_row_outer\">\n<div class=\"cmsmasters_row_inner cmsmasters_row_fullwidth cmsmasters_row_no_margin\">\n<div class=\"cmsmasters_row_margin\">\n<div id=\"cmsmasters_column_u8tunbh3ue\" class=\"cmsmasters_column one_first\">\n<div class=\"cmsmasters_column_inner\"><\/div><\/div>\n<\/div>\n<\/div>\n<\/div>\n<\/div>\n<\/div>\n\n\n\n<p style=\"text-align: center;\">Szanowni Rodzice i Opiekunowie, Drodzy Uczniowie, nasza szko\u0142a zaprasza wszystkich do sk\u0142adania aplikacji na nadchodz\u0105cy rok szkolny 2026\/2027. Prosimy o sk\u0142adanie aplikacji jak najwcze\u015bniej aby pom\u00f3c administracji w organizacji klas i planowaniu. Z g\u00f3ry dzi\u0119kujemy za wsp\u00f3\u0142prac\u0119.<\/p>\n\n\n\n<div class=\"wp-block-columns is-layout-flex wp-container-core-columns-is-layout-9d6595d7 wp-block-columns-is-layout-flex\">\n<div class=\"wp-block-column is-layout-flow wp-block-column-is-layout-flow\" style=\"flex-basis:100%\">\n<figure class=\"wp-block-image size-full\"><img loading=\"lazy\" decoding=\"async\" width=\"600\" height=\"750\" src=\"https:\/\/mojaszkola.com\/wp-content\/uploads\/2026\/03\/reklama_zapisy-26-27-e1774407839400.jpg\" alt=\"\" class=\"wp-image-17043\"\/><\/figure>\n<\/div>\n<\/div>\n\n\n\n<div class=\"wp-block-columns is-layout-flex wp-container-core-columns-is-layout-9d6595d7 wp-block-columns-is-layout-flex\">\n<div class=\"wp-block-column is-layout-flow wp-block-column-is-layout-flow\" style=\"flex-basis:100%\"><div id=\"cmsmasters_row_72ht9gtlo9\" class=\"cmsmasters_row cmsmasters_color_scheme_default cmsmasters_row_top_default cmsmasters_row_bot_default cmsmasters_row_boxed\">\n<div class=\"cmsmasters_row_outer_parent\">\n<div class=\"cmsmasters_row_outer\">\n<div class=\"cmsmasters_row_inner\">\n<div class=\"cmsmasters_row_margin\">\n<div id=\"cmsmasters_column_nfnkcqvgae\" class=\"cmsmasters_column one_first\">\n<div class=\"cmsmasters_column_inner\"><div class=\"cmsmasters_text\">\n<p style=\"text-align: center;\">\n<\/div>\n<div id=\"cmsmasters_button_k98p2viszb\" class=\"button_wrap\"><a href=\"\/wp-content\/uploads\/2026\/03\/Aplikacja-szkolna-2026_2027.pdf\" class=\"cmsmasters_button\"><span>APLIKACJA REJESTRACYJNA 2026\/2027 PDF<\/span><\/a><\/div>\n<div class=\"cmsmasters_text niceli1\">\n<p style=\"text-align: center;\">\n<\/div>\n<div id=\"cmsmasters_button_k98p2viszb\" class=\"button_wrap\"><a href=\"\/wp-content\/uploads\/2026\/03\/Aplikacja-na-podreczniki-szkolne-2026_2027.pdf\" class=\"cmsmasters_button\"><span>APLIKACJA NA KSI\u0104\u017bKI 2026\/2027 PDF<\/span><\/a><\/div>\n<div class=\"cmsmasters_text niceli1\">\n<p style=\"text-align: center;\">\n<\/div>\n<div id=\"cmsmasters_button_k98p2viszc\" class=\"button_wrap\"><a href=\"\/wp-content\/uploads\/2026\/03\/Aplikacja-szkolna-na-rok-2026_2027.docx\" class=\"cmsmasters_button\"><span>APLIKACJA REJESTRACYJNA 2026\/2027 WORD<\/span><\/a><\/div>\n<div class=\"cmsmasters_text niceli1\">\n<p style=\"text-align: center;\">\n<\/div>\n<div id=\"cmsmasters_button_k98p2viszc\" class=\"button_wrap\"><a href=\"\/wp-content\/uploads\/2026\/03\/Aplikacja-na-podreczniki-szkolne-2026_2027.doc\" class=\"cmsmasters_button\"><span>APLIKACJA NA KSI\u0104\u017bKI 2026\/2027 WORD<\/span><\/a><\/div>\n<div class=\"cmsmasters_text niceli1\">\n<p>\nProsimy o wype\u0142nienie obu formularzy elektronicznie (rejestracja do szko\u0142y i zam\u00f3wienie na podr\u0119czniki). Do wyboru s\u0105 dokumenty w formie plik\u00f3w PDF lub Microsoft Word. Prosz\u0119 wybra\u0107 tylko jeden zestaw. Wype\u0142nione dokumenty prosz\u0119 wys\u0142a\u0107 na adres emaila <a href=\"mailto:zarzadpolskaszkola@gmail.com\">zarzadpolskaszkola@gmail.com<\/a>.\n<\/p>\n<p style=\"text-align: center;\">P\u0141ATNO\u015aCI mo\u017cna dokona\u0107:<br \/>\nwysy\u0142aj\u0105c aplikacje wraz z potwierdzeniem wp\u0142aty poprzez us\u0142ug\u0119 <b>ZELLE<\/b> na <a href=\"mailto:zarzadpolskaszkola@gmail.com\">zarzadpolskaszkola@gmail.com<\/a>. Bardzo wa\u017cne aby w miejscu &#8220;NOTE&#8221; poda\u0107 imi\u0119 i nazwisko ucznia\/uczni\u00f3w i rodzic\u00f3w. W uzupe\u0142nionej aplikacji prosimy wpisa\u0107 <b>NUMER POTWIERDZENIA<\/b>.\n<\/p>\n<p style=\"text-align: center;>\nMo\u017cna te\u017c ewentualnie wypisa\u0107 czek na: Maria Sklodowska-Curie Polish School.<br \/>\nInformujemy, \u017ce za ka\u017cdy zwr\u00f3cony czek b\u0119dzie doliczana op\u0142ata w wysoko\u015bci 45$.\n<\/p>\n<p style=\"text-align: center;\">W przypadku wyboru formy p\u0142atno\u015bci czekiem prosimy wys\u0142a\u0107 czek na adres korespondencyjny szko\u0142y:<br \/>\n<strong>Maria Sklodowska-Curie Polish School<\/strong><br \/>\n<strong>P.O.BOX 662, Park Ridge Il 60068<\/strong><\/p>\n<p style=\"text-align: center;\">Wszelkie pytania prosimy kierowa\u0107 drog\u0105 elektroniczn\u0105 na email:<br \/>\n<a href=\"mailto:zarzadpolskaszkola@gmail.com\">zarzadpolskaszkola@gmail.com<\/a><\/p>\n<\/div>\n<\/div><\/div>\n<\/div>\n<\/div>\n<\/div>\n<\/div>\n<\/div>\n\n<\/div>\n<\/div>\n\n\n\n<h2 class=\"wp-block-heading has-text-align-center\">Zaj\u0119cia Pi\u0105tkowe<\/h2>\n\n\n\n<p>Zaj\u0119cia w Polskiej Szkole im. Marii Sk\u0142odowskiej-Curie odbywaj\u0105 si\u0119 w pi\u0105tki w godzinach od 6:00 po po\u0142udniu do 9:00 wieczorem. Oferujemy r\u00f3wnie\u017c zaj\u0119cia z religii przygotowuj\u0105ce do Sakrament\u00f3w \u015awi\u0119tych w pi\u0105tki w godzinach od 5:00 do 6:00 po po\u0142udniu.<\/p>\n\n\n\n<h1 class=\"wp-block-heading\"><\/h1>\n\n\n\n<h2 class=\"wp-block-heading has-text-align-center\">Zaj\u0119cia Sobotnie<\/h2>\n\n\n\n<p>Zaj\u0119cia w Polskiej Szkole im. Marii Sk\u0142odowskiej-Curie odbywaj\u0105 si\u0119 w soboty w godzinach od 9:30 rano do 1:00 po po\u0142udniu. Oferujemy r\u00f3wnie\u017c zaj\u0119cia z religii przygotowuj\u0105ce do Sakrament\u00f3w \u015awi\u0119tych w soboty w godzinach od 8:45 do 9:30 rano.&nbsp;<\/p>\n\n\n\n<p>W soboty zapewniamy zaj\u0119cia dodatkowe \u2013 zaj\u0119cia plastyczne oraz \u015bwietlic\u0119, a tak\u017ce oferujemy p\u0142atny lunch dla uczni\u00f3w.<\/p>\n","protected":false},"excerpt":{"rendered":"<p>Zaj\u0119cia Pi\u0105tkowe Zaj\u0119cia w Polskiej Szkole im. Marii Sk\u0142odowskiej-Curie odbywaj\u0105 si\u0119 w pi\u0105tki w godzinach od 6:00 po po\u0142udniu do&#8230;<\/p>\n","protected":false},"author":10,"featured_media":0,"parent":0,"menu_order":0,"comment_status":"closed","ping_status":"closed","template":"","meta":{"footnotes":""},"class_list":["post-16906","page","type-page","status-publish","hentry"],"_links":{"self":[{"href":"https:\/\/mojaszkola.com\/index.php?rest_route=\/wp\/v2\/pages\/16906","targetHints":{"allow":["GET"]}}],"collection":[{"href":"https:\/\/mojaszkola.com\/index.php?rest_route=\/wp\/v2\/pages"}],"about":[{"href":"https:\/\/mojaszkola.com\/index.php?rest_route=\/wp\/v2\/types\/page"}],"author":[{"embeddable":true,"href":"https:\/\/mojaszkola.com\/index.php?rest_route=\/wp\/v2\/users\/10"}],"replies":[{"embeddable":true,"href":"https:\/\/mojaszkola.com\/index.php?rest_route=%2Fwp%2Fv2%2Fcomments&post=16906"}],"version-history":[{"count":10,"href":"https:\/\/mojaszkola.com\/index.php?rest_route=\/wp\/v2\/pages\/16906\/revisions"}],"predecessor-version":[{"id":17062,"href":"https:\/\/mojaszkola.com\/index.php?rest_route=\/wp\/v2\/pages\/16906\/revisions\/17062"}],"wp:attachment":[{"href":"https:\/\/mojaszkola.com\/index.php?rest_route=%2Fwp%2Fv2%2Fmedia&parent=16906"}],"curies":[{"name":"wp","href":"https:\/\/api.w.org\/{rel}","templated":true}]}}