{"id":16789,"date":"2024-07-28T16:28:18","date_gmt":"2024-07-28T16:28:18","guid":{"rendered":"http:\/\/164.90.132.79\/?page_id=16789"},"modified":"2024-07-28T16:28:19","modified_gmt":"2024-07-28T16:28:19","slug":"news-2","status":"publish","type":"page","link":"https:\/\/mojaszkola.com\/?page_id=16789&lang=en","title":{"rendered":"News"},"content":{"rendered":"<div id=\"cmsmasters_row_72ht9gtlo9\" class=\"cmsmasters_row cmsmasters_color_scheme_default cmsmasters_row_top_default cmsmasters_row_bot_default cmsmasters_row_boxed\">\n<div class=\"cmsmasters_row_outer_parent\">\n<div class=\"cmsmasters_row_outer\">\n<div class=\"cmsmasters_row_inner\">\n<div class=\"cmsmasters_row_margin\">\n<div id=\"cmsmasters_column_nfnkcqvgae\" class=\"cmsmasters_column one_first\">\n<div class=\"cmsmasters_column_inner\"><div id=\"blog_n74j6j0hp\" class=\"cmsmasters_wrap_blog entry-summary\" data-layout=\"standard\" data-layout-mode=\"\" data-url=\"https:\/\/mojaszkola.com\/wp-content\/plugins\/cmsmasters-content-composer\/\" data-orderby=\"date\" data-order=\"DESC\" data-count=\"12\" data-categories=\"blog\" data-metadata=\"more\" data-pagination=\"pagination\"><div class=\"blog standard\"><!-- Start Post Default Article -->\r\n<article id=\"post-16591\" class=\"cmsmasters_post_default post-16591 post type-post status-publish format-standard hentry category-blog\">\r\n\t<div class=\"cmsmasters_post_cont_wrap\">\r\n\t\t<figure class=\"cmsmasters_img_wrap\"><a href=\"https:\/\/mojaszkola.com\/?p=16591\" title=\"Szanowni Rodzice i Opiekunowie\" class=\"cmsmasters_img_link\"><span class=\"img_placeholder cmsmasters_theme_icon_image\"><\/span><\/a><\/figure><header class=\"cmsmasters_post_header entry-header\"><h3 class=\"cmsmasters_post_title entry-title\"><a href=\"https:\/\/mojaszkola.com\/?p=16591\">Szanowni Rodzice i Opiekunowie<\/a><\/h3><\/header><div class=\"cmsmasters_post_content entry-content\">\n<p>Informujemy, \u017ce\u00a0od nowego\u00a0roku szkolnego zmieniaj\u0105\u00a0si\u0119\u00a0godziny lekcji: 8:45 &#8211; 9:30 zaj\u0119cia\u00a0katechetyczne kl.1-8 8:45 &#8211; 9:30 zaj\u0119cia plastyczne dla\u00a0dzieci m\u0142odszych 9:30 &#8211; 1:00 regularne zaj\u0119cia lekcyjne<\/p>\n<\/div>\n<footer class=\"cmsmasters_post_footer entry-meta\"><a class=\"cmsmasters_post_read_more\" href=\"https:\/\/mojaszkola.com\/?p=16591\">WI\u0118CEJ<\/a><\/footer>\t<\/div>\r\n<\/article>\r\n<!-- Finish Post Default Article -->\r\n\r\n<!-- Start Post Default Article -->\r\n<article id=\"post-16378\" class=\"cmsmasters_post_default post-16378 post type-post status-publish format-standard hentry category-blog\">\r\n\t<div class=\"cmsmasters_post_cont_wrap\">\r\n\t\t<figure class=\"cmsmasters_img_wrap\"><a href=\"https:\/\/mojaszkola.com\/?p=16378\" title=\"Zako\u0144czenie Roku Szkolnego 2020-2021 \u2013 24 kwietnia\" class=\"cmsmasters_img_link\"><span class=\"img_placeholder cmsmasters_theme_icon_image\"><\/span><\/a><\/figure><header class=\"cmsmasters_post_header entry-header\"><h3 class=\"cmsmasters_post_title entry-title\"><a href=\"https:\/\/mojaszkola.com\/?p=16378\">Zako\u0144czenie Roku Szkolnego 2020-2021 \u2013 24 kwietnia<\/a><\/h3><\/header><div class=\"cmsmasters_post_content entry-content\">\n<p>Szanowni Rodzice, Drodzy Uczniowie. Serdecznie zapraszamy na zako\u0144czenie roku szkolnego 2020-2021, kt\u00f3re odb\u0119dzie si\u0119 24 kwietnia 2021 roku w White Eagle Banquet Hall, 6839 N. Milwaukee Ave.\u00a0\u00a0Niles IL. 60714 w Vivian Room. Pierwsza grupa: godzina 9:30-10:00 KLASY 1, 2, 3, 4 i 5. \u00a0 Druga grupa godzina: 10:15-10:45 KLASY 6, 7 i 8. \u00a0 Trzecia grupa godzina: 11:00-11:30 KLASY LICEALNE 1, 2 i 3.<\/p>\n<\/div>\n<footer class=\"cmsmasters_post_footer entry-meta\"><a class=\"cmsmasters_post_read_more\" href=\"https:\/\/mojaszkola.com\/?p=16378\">WI\u0118CEJ<\/a><\/footer>\t<\/div>\r\n<\/article>\r\n<!-- Finish Post Default Article -->\r\n\r\n<!-- Start Post Default Article -->\r\n<article id=\"post-16374\" class=\"cmsmasters_post_default post-16374 post type-post status-publish format-standard has-post-thumbnail hentry category-blog\">\r\n\t<div class=\"cmsmasters_post_cont_wrap\">\r\n\t\t<div class=\"cmsmasters_img_date\"><figure class=\"cmsmasters_img_wrap\"><a href=\"https:\/\/mojaszkola.com\/?p=16374\" title=\"Gratulujemy naszym maturzystom!\" class=\"cmsmasters_img_link\"><img loading=\"lazy\" decoding=\"async\" width=\"1600\" height=\"866\" src=\"https:\/\/mojaszkola.com\/wp-content\/uploads\/2021\/05\/image-1.png\" class=\" wp-post-image\" alt=\"Gratulujemy naszym maturzystom!\" title=\"image (1)\" srcset=\"https:\/\/mojaszkola.com\/wp-content\/uploads\/2021\/05\/image-1.png 1600w, https:\/\/mojaszkola.com\/wp-content\/uploads\/2021\/05\/image-1-768x416.png 768w, https:\/\/mojaszkola.com\/wp-content\/uploads\/2021\/05\/image-1-1536x831.png 1536w\" sizes=\"auto, (max-width: 1600px) 100vw, 1600px\" \/><\/a><\/figure><\/div><div class=\"cmsmasters_block_wrap\"><header class=\"cmsmasters_post_header entry-header\"><h3 class=\"cmsmasters_post_title entry-title\"><a href=\"https:\/\/mojaszkola.com\/?p=16374\">Gratulujemy naszym maturzystom!<\/a><\/h3><\/header><div class=\"cmsmasters_post_content entry-content\">\n<p>GRATULUJEMY WAM WSPANIALE ZDANEJ MATURY Nowe perspektywy przed Wami \u2013 pami\u0119tajcie, \u017ce edukacja jest najlepsz\u0105 inwestycj\u0105, wi\u0119c nie przestawajcie inwestowa\u0107 w siebie! Wychowawczyni Iwona Biernacka Do gratulacji do\u0142\u0105cza sie grono pedagogiczne, dyrekcja, uczniowie oraz komitet rodzicielski<\/p>\n<\/div>\n<footer class=\"cmsmasters_post_footer entry-meta\"><a class=\"cmsmasters_post_read_more\" href=\"https:\/\/mojaszkola.com\/?p=16374\">WI\u0118CEJ<\/a><\/footer><\/div>\t<\/div>\r\n<\/article>\r\n<!-- Finish Post Default Article -->\r\n\r\n<!-- Start Post Default Article -->\r\n<article id=\"post-15721\" class=\"cmsmasters_post_default post-15721 post type-post status-publish format-standard hentry category-blog\">\r\n\t<div class=\"cmsmasters_post_cont_wrap\">\r\n\t\t<figure class=\"cmsmasters_img_wrap\"><a href=\"https:\/\/mojaszkola.com\/?p=15721\" title=\"Rozpocz\u0119cie roku szkolnego 2020-2021\" class=\"cmsmasters_img_link\"><span class=\"img_placeholder cmsmasters_theme_icon_image\"><\/span><\/a><\/figure><header class=\"cmsmasters_post_header entry-header\"><h3 class=\"cmsmasters_post_title entry-title\"><a href=\"https:\/\/mojaszkola.com\/?p=15721\">Rozpocz\u0119cie roku szkolnego 2020-2021<\/a><\/h3><\/header><div class=\"cmsmasters_post_content entry-content\">\n<p> Szanowni Rodzice, Drodzy Uczniowie!<br \/>\nW nadchodz\u0105cym roku szkolnym 2020\/21 rozpoczynamy nauk\u0119 w dniu\u00a026 wrze\u015bnia z\u00a0 naszymi uczniami na wirtualnej\u00a0 platformie ZOOM.<\/p>\n<\/div>\n<footer class=\"cmsmasters_post_footer entry-meta\"><a class=\"cmsmasters_post_read_more\" href=\"https:\/\/mojaszkola.com\/?p=15721\">Read  More<\/a><\/footer>\t<\/div>\r\n<\/article>\r\n<!-- Finish Post Default Article -->\r\n\r\n<\/div><div class=\"cmsmasters_wrap_more_posts cmsmasters_wrap_more_items\"><\/div><\/div>\n<\/div><\/div>\n<\/div>\n<\/div>\n<\/div>\n<\/div>\n<\/div>\n\n","protected":false},"excerpt":{"rendered":"","protected":false},"author":10,"featured_media":0,"parent":0,"menu_order":0,"comment_status":"closed","ping_status":"closed","template":"","meta":{"footnotes":""},"class_list":["post-16789","page","type-page","status-publish","hentry"],"_links":{"self":[{"href":"https:\/\/mojaszkola.com\/index.php?rest_route=\/wp\/v2\/pages\/16789","targetHints":{"allow":["GET"]}}],"collection":[{"href":"https:\/\/mojaszkola.com\/index.php?rest_route=\/wp\/v2\/pages"}],"about":[{"href":"https:\/\/mojaszkola.com\/index.php?rest_route=\/wp\/v2\/types\/page"}],"author":[{"embeddable":true,"href":"https:\/\/mojaszkola.com\/index.php?rest_route=\/wp\/v2\/users\/10"}],"replies":[{"embeddable":true,"href":"https:\/\/mojaszkola.com\/index.php?rest_route=%2Fwp%2Fv2%2Fcomments&post=16789"}],"version-history":[{"count":0,"href":"https:\/\/mojaszkola.com\/index.php?rest_route=\/wp\/v2\/pages\/16789\/revisions"}],"wp:attachment":[{"href":"https:\/\/mojaszkola.com\/index.php?rest_route=%2Fwp%2Fv2%2Fmedia&parent=16789"}],"curies":[{"name":"wp","href":"https:\/\/api.w.org\/{rel}","templated":true}]}}