{"id":16781,"date":"2024-07-24T02:22:32","date_gmt":"2024-07-24T02:22:32","guid":{"rendered":"http:\/\/164.90.132.79\/?page_id=16781"},"modified":"2024-12-03T01:59:22","modified_gmt":"2024-12-03T01:59:22","slug":"teaching-staff","status":"publish","type":"page","link":"https:\/\/mojaszkola.com\/?page_id=16781&lang=en","title":{"rendered":"Teaching Staff"},"content":{"rendered":"\n<div class=\"wp-block-columns is-layout-flex wp-container-core-columns-is-layout-9d6595d7 wp-block-columns-is-layout-flex\">\n<div class=\"wp-block-column is-layout-flow wp-block-column-is-layout-flow\">\n<h2 class=\"wp-block-heading\"><strong>YOUNGERS:<\/strong><\/h2>\n\n\n\n<p>Dorota Cicho\u0144<\/p>\n\n\n\n<p>Edyta Urbanek<\/p>\n\n\n\n<p>Dagmara Kr\u00f3wka<\/p>\n\n\n\n<p>Ma\u0142gorzata Wasylow<\/p>\n\n\n\n<p>Jolanta Zaremba<\/p>\n\n\n\n<p><\/p>\n<\/div>\n\n\n\n<div class=\"wp-block-column is-layout-flow wp-block-column-is-layout-flow\">\n<h2 class=\"wp-block-heading\"><strong>OLDERS:<\/strong><\/h2>\n\n\n\n<p>Ma\u0142gorzata Kapustka<\/p>\n\n\n\n<p>Anna Dolecki<\/p>\n\n\n\n<p>El\u017cbieta Jakubczak<\/p>\n\n\n\n<p>El\u017cbieta Berkowicz<\/p>\n\n\n\n<p>Liliana Kli\u015b<\/p>\n<\/div>\n<\/div>\n\n\n\n<div class=\"wp-block-columns is-layout-flex wp-container-core-columns-is-layout-9d6595d7 wp-block-columns-is-layout-flex\">\n<div class=\"wp-block-column is-layout-flow wp-block-column-is-layout-flow\">\n<h2 class=\"wp-block-heading\"><strong>HIGH SCHOOL:<\/strong><\/h2>\n\n\n\n<p>Iwona Biernacka<\/p>\n\n\n\n<p>\u0141ucja Szeliga<\/p>\n\n\n\n<p>Janusz Kli\u015b<\/p>\n<\/div>\n\n\n\n<div class=\"wp-block-column is-layout-flow wp-block-column-is-layout-flow\">\n<h2 class=\"wp-block-heading\"><strong>CATECHIST:<\/strong><\/h2>\n\n\n\n<p>Liliana Kli\u015b &#8211;&nbsp;koordynator<\/p>\n\n\n\n<p>Anna Dolecki<\/p>\n\n\n\n<p>El\u017cbieta Berkowicz<\/p>\n\n\n\n<p>Ma\u0142gorzata Wasylow<\/p>\n\n\n\n<p>Jolanta Zaremba<\/p>\n<\/div>\n<\/div>\n\n\n\n<p><\/p>\n\n\n\n<p><\/p>\n","protected":false},"excerpt":{"rendered":"<p>YOUNGERS: Dorota Cicho\u0144 Edyta Urbanek Dagmara Kr\u00f3wka Ma\u0142gorzata Wasylow Jolanta Zaremba OLDERS: Ma\u0142gorzata Kapustka Anna Dolecki El\u017cbieta Jakubczak El\u017cbieta Berkowicz&#8230;<\/p>\n","protected":false},"author":10,"featured_media":0,"parent":0,"menu_order":0,"comment_status":"closed","ping_status":"closed","template":"","meta":{"footnotes":""},"class_list":["post-16781","page","type-page","status-publish","hentry"],"_links":{"self":[{"href":"https:\/\/mojaszkola.com\/index.php?rest_route=\/wp\/v2\/pages\/16781","targetHints":{"allow":["GET"]}}],"collection":[{"href":"https:\/\/mojaszkola.com\/index.php?rest_route=\/wp\/v2\/pages"}],"about":[{"href":"https:\/\/mojaszkola.com\/index.php?rest_route=\/wp\/v2\/types\/page"}],"author":[{"embeddable":true,"href":"https:\/\/mojaszkola.com\/index.php?rest_route=\/wp\/v2\/users\/10"}],"replies":[{"embeddable":true,"href":"https:\/\/mojaszkola.com\/index.php?rest_route=%2Fwp%2Fv2%2Fcomments&post=16781"}],"version-history":[{"count":0,"href":"https:\/\/mojaszkola.com\/index.php?rest_route=\/wp\/v2\/pages\/16781\/revisions"}],"wp:attachment":[{"href":"https:\/\/mojaszkola.com\/index.php?rest_route=%2Fwp%2Fv2%2Fmedia&parent=16781"}],"curies":[{"name":"wp","href":"https:\/\/api.w.org\/{rel}","templated":true}]}}