{"id":16779,"date":"2024-07-24T01:44:07","date_gmt":"2024-07-24T01:44:07","guid":{"rendered":"http:\/\/164.90.132.79\/?page_id=16779"},"modified":"2025-11-03T02:23:25","modified_gmt":"2025-11-03T02:23:25","slug":"school-board","status":"publish","type":"page","link":"https:\/\/mojaszkola.com\/?page_id=16779&lang=en","title":{"rendered":"School Board"},"content":{"rendered":"\n<figure class=\"wp-block-table is-style-stripes\"><table class=\"has-fixed-layout\"><tbody><tr><td><\/td><td><\/td><\/tr><tr><td><strong>El\u017cbieta Berkowicz<\/strong><\/td><td>PRINCIPAL<\/td><\/tr><tr><td><strong>Iwona Biernacka<\/strong><\/td><td>VICE PRINCIPAL<\/td><\/tr><tr><td><strong>Sylwia W\u00f3jtowicz<\/strong><\/td><td>PRESIDENT<\/td><\/tr><tr><td><strong><strong>Olga Kie\u0142ek<\/strong><\/strong><\/td><td>TREASURER<\/td><\/tr><tr><td><strong>Ma\u0142gorzata Bielenda-Mazur<\/strong><\/td><td>VICE PRESIDENT I<\/td><\/tr><tr><td><strong>Magdalena Gi\u017cycka<\/strong><\/td><td>VICE PRESIDENT II<\/td><\/tr><tr><td><strong>Marcin Mazur<\/strong><\/td><td>CHIEF TECHNOLOGY OFFICER<\/td><\/tr><tr><td><strong>Magdalena Kazberuk<\/strong><\/td><td>SECRETARY<\/td><\/tr><tr><td><strong>Liliana Kli\u015b<\/strong><\/td><td>CATECHETICAL COORDINATOR<\/td><\/tr><\/tbody><\/table><\/figure>\n\n\n\n<p>The Parents&#8217; Committee, together with the school board, management and teaching staff, ensure that all decisions regarding the school are primarily aimed at the well-being of the students. The tasks of the committee and the board also include organizing school celebrations &#8211; the beginning and end of the school year, taking the oath of first-graders, farewelling high school graduates, and special events &#8211; nativity play, St. Nicholas Day, Easter egg painting, Christmas fairs, and a trip to the May 3 parade.<\/p>\n","protected":false},"excerpt":{"rendered":"<p>El\u017cbieta Berkowicz PRINCIPAL Iwona Biernacka VICE PRINCIPAL Sylwia W\u00f3jtowicz PRESIDENT Olga Kie\u0142ek TREASURER Ma\u0142gorzata Bielenda-Mazur VICE PRESIDENT I Magdalena Gi\u017cycka&#8230;<\/p>\n","protected":false},"author":10,"featured_media":0,"parent":0,"menu_order":0,"comment_status":"closed","ping_status":"closed","template":"","meta":{"footnotes":""},"class_list":["post-16779","page","type-page","status-publish","hentry"],"_links":{"self":[{"href":"https:\/\/mojaszkola.com\/index.php?rest_route=\/wp\/v2\/pages\/16779","targetHints":{"allow":["GET"]}}],"collection":[{"href":"https:\/\/mojaszkola.com\/index.php?rest_route=\/wp\/v2\/pages"}],"about":[{"href":"https:\/\/mojaszkola.com\/index.php?rest_route=\/wp\/v2\/types\/page"}],"author":[{"embeddable":true,"href":"https:\/\/mojaszkola.com\/index.php?rest_route=\/wp\/v2\/users\/10"}],"replies":[{"embeddable":true,"href":"https:\/\/mojaszkola.com\/index.php?rest_route=%2Fwp%2Fv2%2Fcomments&post=16779"}],"version-history":[{"count":1,"href":"https:\/\/mojaszkola.com\/index.php?rest_route=\/wp\/v2\/pages\/16779\/revisions"}],"predecessor-version":[{"id":16984,"href":"https:\/\/mojaszkola.com\/index.php?rest_route=\/wp\/v2\/pages\/16779\/revisions\/16984"}],"wp:attachment":[{"href":"https:\/\/mojaszkola.com\/index.php?rest_route=%2Fwp%2Fv2%2Fmedia&parent=16779"}],"curies":[{"name":"wp","href":"https:\/\/api.w.org\/{rel}","templated":true}]}}