{"id":16775,"date":"2024-07-24T01:25:56","date_gmt":"2024-07-24T01:25:56","guid":{"rendered":"http:\/\/164.90.132.79\/?page_id=16775"},"modified":"2024-07-24T01:31:41","modified_gmt":"2024-07-24T01:31:41","slug":"about-school","status":"publish","type":"page","link":"https:\/\/mojaszkola.com\/?page_id=16775&lang=en","title":{"rendered":"About School"},"content":{"rendered":"\n<p><\/p>\n\n\n\n<p><\/p>\n\n\n\n<div class=\"wp-block-columns is-layout-flex wp-container-core-columns-is-layout-9d6595d7 wp-block-columns-is-layout-flex\">\n<div class=\"wp-block-column is-layout-flow wp-block-column-is-layout-flow\">\n<div class=\"wp-block-columns is-layout-flex wp-container-core-columns-is-layout-9d6595d7 wp-block-columns-is-layout-flex\">\n<div class=\"wp-block-column is-layout-flow wp-block-column-is-layout-flow\">\n<div class=\"wp-block-columns is-layout-flex wp-container-core-columns-is-layout-9d6595d7 wp-block-columns-is-layout-flex\">\n<div class=\"wp-block-column is-layout-flow wp-block-column-is-layout-flow\"><\/div>\n<\/div>\n<\/div>\n<\/div>\n<\/div>\n<\/div>\n\n\n\n<p><\/p>\n\n\n\n<p><\/p>\n\n\n\n<div class=\"wp-block-columns is-layout-flex wp-container-core-columns-is-layout-9d6595d7 wp-block-columns-is-layout-flex\">\n<div class=\"wp-block-column is-layout-flow wp-block-column-is-layout-flow\">\n<div class=\"wp-block-columns is-layout-flex wp-container-core-columns-is-layout-9d6595d7 wp-block-columns-is-layout-flex\">\n<div class=\"wp-block-column is-layout-flow wp-block-column-is-layout-flow\"><\/div>\n<\/div>\n<\/div>\n<\/div>\n\n\n\n<h2 class=\"wp-block-heading\">SCHOOL&#8217;S HISTORY <\/h2>\n\n\n\n<p>The originator of the founding of the Polish school was Mrs. Gra\u017cyna Miga\u0142a in 1999, who was the Secretary General of the Association of Polish Women in America. On September 9, 2000, at the headquarters of the Polish Women&#8217;s Association at 205 South Northwest Highway in Park Ridge, Illinois, the Polish School began its operations. Maria Sk\u0142odowska-Curie. At the first meeting of the founding committee, on July 25, 2000, in the conference room. Maria Sk\u0142odowska-Curie, it was decided that the school would be named after the outstanding Polish woman, Maria Sk\u0142odowska-Curie, and the head of the facility would be Mrs. Czes\u0142awa Kolak. Initially under the patronage of Commission 27, and then transferred to the patronage of District I, it was to be a model educational facility whose main goal was to familiarize children born abroad with the Polish language, history and geography, as well as to transmit Polish traditions and encourage them to learn and use the Polish language in speaking and writing. From the beginning of the school&#8217;s existence, this idea was very successful, which was the reason for the number of students increasing every year. <\/p>\n\n\n\n<p>The first chairwoman of the Parents&#8217; Committee of the Polish school was Mrs. Agata Kr\u00f3licka. In 2001, Ms. Ma\u0142gorzata Ko\u015bcielak-Kr\u00f3likowska was elected, and in 2002, this function was taken over by Ms. Dr. Halina G\u0142os. Due to the constant arrival of new students and the change of the headquarters of the Polish Women&#8217;s Union, the school board decided to move to a new location. Classes began to be held in the Saint Julian Catholic School building at 7400 West Touhy on the border of Park Ridge, Niles and Chicago. <\/p>\n\n\n\n<p>Despite the passage of years, the Polish School of Maria Sk\u0142odowska-Curie continues to enjoy great recognition among the Polish community. The undoubted merit is the continuation of the school&#8217;s idea through the careful selection of teaching staff and board members. The principal, Mrs. Agnieszka Trzupek, and the president, Mrs. Sylwia W\u00f3jtowicz, constantly cultivate and follow the school&#8217;s assumptions, care for its good name, and are unwaveringly committed to promoting the institution not only in Illinois but also in Poland. In 2022, the position of Principal was taken over by a teacher from our school, Mrs. El\u017cbieta Berkowicz.<\/p>\n","protected":false},"excerpt":{"rendered":"<p>SCHOOL&#8217;S HISTORY The originator of the founding of the Polish school was Mrs. Gra\u017cyna Miga\u0142a in 1999, who was the&#8230;<\/p>\n","protected":false},"author":10,"featured_media":0,"parent":0,"menu_order":0,"comment_status":"closed","ping_status":"closed","template":"","meta":{"footnotes":""},"class_list":["post-16775","page","type-page","status-publish","hentry"],"_links":{"self":[{"href":"https:\/\/mojaszkola.com\/index.php?rest_route=\/wp\/v2\/pages\/16775","targetHints":{"allow":["GET"]}}],"collection":[{"href":"https:\/\/mojaszkola.com\/index.php?rest_route=\/wp\/v2\/pages"}],"about":[{"href":"https:\/\/mojaszkola.com\/index.php?rest_route=\/wp\/v2\/types\/page"}],"author":[{"embeddable":true,"href":"https:\/\/mojaszkola.com\/index.php?rest_route=\/wp\/v2\/users\/10"}],"replies":[{"embeddable":true,"href":"https:\/\/mojaszkola.com\/index.php?rest_route=%2Fwp%2Fv2%2Fcomments&post=16775"}],"version-history":[{"count":0,"href":"https:\/\/mojaszkola.com\/index.php?rest_route=\/wp\/v2\/pages\/16775\/revisions"}],"wp:attachment":[{"href":"https:\/\/mojaszkola.com\/index.php?rest_route=%2Fwp%2Fv2%2Fmedia&parent=16775"}],"curies":[{"name":"wp","href":"https:\/\/api.w.org\/{rel}","templated":true}]}}