{"id":16754,"date":"2024-07-20T18:16:42","date_gmt":"2024-07-20T18:16:42","guid":{"rendered":"http:\/\/164.90.132.79\/?page_id=16754"},"modified":"2026-03-25T04:00:50","modified_gmt":"2026-03-25T04:00:50","slug":"kalendarz-szkolny","status":"publish","type":"page","link":"https:\/\/mojaszkola.com\/?page_id=16754","title":{"rendered":"Kalendarz Szkolny"},"content":{"rendered":"\n<div class=\"wp-block-columns is-layout-flex wp-container-core-columns-is-layout-9d6595d7 wp-block-columns-is-layout-flex\">\n<div class=\"wp-block-column is-layout-flow wp-block-column-is-layout-flow\">\n<h2 class=\"wp-block-heading\">Kalendarz Pi\u0105tkowy<\/h2>\n\n\n\n<p>Zaj\u0119cia w Polskiej Szkole im. Marii Sk\u0142odowskiej-Curie odbywaj\u0105 si\u0119 w pi\u0105tki w godzinach od 6:00 po po\u0142udniu do 9:00 wieczorem. Oferujemy r\u00f3wnie\u017c zaj\u0119cia z religii przygotowuj\u0105ce do Sakrament\u00f3w \u015awi\u0119tych w pi\u0105tki w godzinach od 5:00 do 6:00 po po\u0142udniu.<\/p>\n\n\n\n<div data-wp-interactive=\"core\/file\" class=\"wp-block-file aligncenter\"><object data-wp-bind--hidden=\"!state.hasPdfPreview\" hidden class=\"wp-block-file__embed\" data=\"https:\/\/mojaszkola.com\/wp-content\/uploads\/2026\/03\/Kalendarz-poprawiony_piatek-2025.pdf\" type=\"application\/pdf\" style=\"width:100%;height:600px\" aria-label=\"Embed of Kalendarz poprawiony_piatek 2025.\"><\/object><a id=\"wp-block-file--media-064c07c1-0b13-41c1-971e-26c298b86ee1\" href=\"https:\/\/mojaszkola.com\/wp-content\/uploads\/2026\/03\/Kalendarz-poprawiony_piatek-2025.pdf\">Kalendarz poprawiony_piatek 2025<\/a><a href=\"https:\/\/mojaszkola.com\/wp-content\/uploads\/2026\/03\/Kalendarz-poprawiony_piatek-2025.pdf\" class=\"wp-block-file__button wp-element-button\" download aria-describedby=\"wp-block-file--media-064c07c1-0b13-41c1-971e-26c298b86ee1\">Download<\/a><\/div>\n\n\n\n<h2 class=\"wp-block-heading\">Kalendarz Sobotni<\/h2>\n\n\n\n<p>Zaj\u0119cia w Polskiej Szkole im. Marii Sk\u0142odowskiej-Curie odbywaj\u0105 si\u0119 w soboty w godzinach od 9:30 rano do 1:00 po po\u0142udniu. Oferujemy r\u00f3wnie\u017c zaj\u0119cia z religii przygotowuj\u0105ce do Sakrament\u00f3w \u015awi\u0119tych w soboty w godzinach od 8:45 do 9:30 rano. <\/p>\n\n\n\n<p>W soboty zapewniamy zaj\u0119cia dodatkowe \u2013 zaj\u0119cia plastyczne oraz \u015bwietlic\u0119, a tak\u017ce oferujemy p\u0142atny lunch dla uczni\u00f3w.<\/p>\n<\/div>\n<\/div>\n\n\n\n<div data-wp-interactive=\"core\/file\" class=\"wp-block-file aligncenter\"><object data-wp-bind--hidden=\"!state.hasPdfPreview\" hidden class=\"wp-block-file__embed\" data=\"https:\/\/mojaszkola.com\/wp-content\/uploads\/2026\/03\/Kalendarz-poprawiony_sobota-2025.pdf\" type=\"application\/pdf\" style=\"width:100%;height:600px\" aria-label=\"Embed of Kalendarz poprawiony_sobota 2025.\"><\/object><a id=\"wp-block-file--media-37219eee-5d51-45f2-8e11-9ccf21aa1b81\" href=\"https:\/\/mojaszkola.com\/wp-content\/uploads\/2026\/03\/Kalendarz-poprawiony_sobota-2025.pdf\">Kalendarz poprawiony_sobota 2025<\/a><a href=\"https:\/\/mojaszkola.com\/wp-content\/uploads\/2026\/03\/Kalendarz-poprawiony_sobota-2025.pdf\" class=\"wp-block-file__button wp-element-button\" download aria-describedby=\"wp-block-file--media-37219eee-5d51-45f2-8e11-9ccf21aa1b81\">Download<\/a><\/div>\n\n\n\n<p><\/p>\n\n\n\n<div class=\"wp-block-columns is-layout-flex wp-container-core-columns-is-layout-9d6595d7 wp-block-columns-is-layout-flex\">\n<div class=\"wp-block-column is-layout-flow wp-block-column-is-layout-flow\">\n<p><br><\/p>\n<\/div>\n\n\n\n<div class=\"wp-block-column is-layout-flow wp-block-column-is-layout-flow\">\n<p><br><\/p>\n<\/div>\n<\/div>\n","protected":false},"excerpt":{"rendered":"<p>Kalendarz Pi\u0105tkowy Zaj\u0119cia w Polskiej Szkole im. Marii Sk\u0142odowskiej-Curie odbywaj\u0105 si\u0119 w pi\u0105tki w godzinach od 6:00 po po\u0142udniu do&#8230;<\/p>\n","protected":false},"author":10,"featured_media":0,"parent":0,"menu_order":0,"comment_status":"closed","ping_status":"closed","template":"","meta":{"footnotes":""},"class_list":["post-16754","page","type-page","status-publish","hentry"],"_links":{"self":[{"href":"https:\/\/mojaszkola.com\/index.php?rest_route=\/wp\/v2\/pages\/16754","targetHints":{"allow":["GET"]}}],"collection":[{"href":"https:\/\/mojaszkola.com\/index.php?rest_route=\/wp\/v2\/pages"}],"about":[{"href":"https:\/\/mojaszkola.com\/index.php?rest_route=\/wp\/v2\/types\/page"}],"author":[{"embeddable":true,"href":"https:\/\/mojaszkola.com\/index.php?rest_route=\/wp\/v2\/users\/10"}],"replies":[{"embeddable":true,"href":"https:\/\/mojaszkola.com\/index.php?rest_route=%2Fwp%2Fv2%2Fcomments&post=16754"}],"version-history":[{"count":3,"href":"https:\/\/mojaszkola.com\/index.php?rest_route=\/wp\/v2\/pages\/16754\/revisions"}],"predecessor-version":[{"id":17066,"href":"https:\/\/mojaszkola.com\/index.php?rest_route=\/wp\/v2\/pages\/16754\/revisions\/17066"}],"wp:attachment":[{"href":"https:\/\/mojaszkola.com\/index.php?rest_route=%2Fwp%2Fv2%2Fmedia&parent=16754"}],"curies":[{"name":"wp","href":"https:\/\/api.w.org\/{rel}","templated":true}]}}