{"id":16743,"date":"2025-10-06T05:15:23","date_gmt":"2025-10-06T05:15:23","guid":{"rendered":"http:\/\/164.90.132.79\/?page_id=16743"},"modified":"2026-02-01T00:38:54","modified_gmt":"2026-02-01T00:38:54","slug":"home","status":"publish","type":"page","link":"https:\/\/mojaszkola.com\/","title":{"rendered":"Home"},"content":{"rendered":"<div id=\"cmsmasters_row_nkdtbzx2oa\" class=\"cmsmasters_row cmsmasters_color_scheme_default cmsmasters_row_top_default cmsmasters_row_bot_default cmsmasters_row_fullwidth\">\n<div class=\"cmsmasters_row_outer_parent\">\n<div class=\"cmsmasters_row_outer\">\n<div class=\"cmsmasters_row_inner cmsmasters_row_fullwidth\">\n<div class=\"cmsmasters_row_margin\">\n<div id=\"cmsmasters_column_\" class=\"cmsmasters_column one_first\">\n<div class=\"cmsmasters_column_inner\">\n<p>\n\t\t\t<!-- START default REVOLUTION SLIDER 6.7.18 --><p class=\"rs-p-wp-fix\"><\/p>\n\t\t\t<rs-module-wrap id=\"rev_slider_1_1_wrapper\" data-source=\"gallery\" style=\"visibility:hidden;background:transparent;padding:0;margin:0px auto;margin-top:0;margin-bottom:0;\">\n\t\t\t\t<rs-module id=\"rev_slider_1_1\" style=\"\" data-version=\"6.7.18\">\n\t\t\t\t\t<rs-slides style=\"overflow: hidden; position: absolute;\">\n\t\t\t\t\t\t<rs-slide style=\"position: absolute;\" data-key=\"rs-1\" data-title=\"Slide 1\" data-anim=\"ms:600;\" data-in=\"o:0;\" data-out=\"a:false;\">\n\t\t\t\t\t\t\t<img decoding=\"async\" src=\"\/\/mojaszkola.com\/wp-content\/plugins\/revslider\/sr6\/assets\/assets\/dummy.png\" alt=\"\" title=\"PolskaSzkolaHome\" width=\"2560\" height=\"1707\" class=\"rev-slidebg tp-rs-img rs-lazyload\" data-lazyload=\"\/\/mojaszkola.com\/wp-content\/uploads\/2025\/10\/DSC_0745-scaled.jpg\" data-no-retina>\n<!---->\t\t\t\t\t<\/rs-slide>\n\t\t\t\t\t<\/rs-slides>\n\t\t\t\t<\/rs-module>\n\t\t\t\t<script>\n\t\t\t\t\tsetREVStartSize({c: 'rev_slider_1_1',rl:[1240,1024,778,480],el:[650,944,500,568],gw:[1160,940,480,320],gh:[650,600,550,200],type:'standard',justify:'',layout:'fullwidth',mh:\"0\"});if (window.RS_MODULES!==undefined && window.RS_MODULES.modules!==undefined && window.RS_MODULES.modules[\"revslider11\"]!==undefined) {window.RS_MODULES.modules[\"revslider11\"].once = false;window.revapi1 = undefined;if (window.RS_MODULES.checkMinimal!==undefined) window.RS_MODULES.checkMinimal()}\n\t\t\t\t<\/script>\n\t\t\t<\/rs-module-wrap>\n\t\t\t<!-- END REVOLUTION SLIDER -->\n\n<\/p>\n<\/div><\/div>\n<\/div>\n<\/div>\n<\/div>\n<\/div>\n<\/div>\n<div id=\"cmsmasters_row_ejdfo8grc\" class=\"cmsmasters_row cmsmasters_color_scheme_default schoolmotto cmsmasters_row_top_default cmsmasters_row_bot_default cmsmasters_row_boxed\">\n<div class=\"cmsmasters_row_outer_parent\">\n<div class=\"cmsmasters_row_outer\">\n<div class=\"cmsmasters_row_inner\">\n<div class=\"cmsmasters_row_margin\">\n<div id=\"cmsmasters_column_hc1odmeux6\" class=\"cmsmasters_column one_first\">\n<div class=\"cmsmasters_column_inner\"><div class=\"custom_html\">\n<div class=\"motto-szkoly\"><span>MOTTO SZKO\u0141Y: NASZA SZKO\u0141A JEST WESO\u0141A!<\/span><\/div>\n<\/div>\n<\/div><\/div>\n<\/div>\n<\/div>\n<\/div>\n<\/div>\n<\/div>\n<div id=\"cmsmasters_row_o23efqcw1m\" class=\"cmsmasters_row cmsmasters_color_scheme_default cmsmasters_row_top_default cmsmasters_row_bot_default cmsmasters_row_boxed\">\n<div class=\"cmsmasters_row_outer_parent\">\n<div class=\"cmsmasters_row_outer\">\n<div class=\"cmsmasters_row_inner\">\n<div class=\"cmsmasters_row_margin\">\n<div id=\"cmsmasters_column_ypr5nr992\" class=\"cmsmasters_column one_first\">\n<div class=\"cmsmasters_column_inner\"><div id=\"cmsmasters_heading_qmdh3bean9\" class=\"cmsmasters_heading_wrap cmsmasters_heading_align_center\">\n\t<h1 class=\"cmsmasters_heading\">WITAMY!<\/h1>\n<\/div><div class=\"aligncenter\"><div class=\"cmsmasters_img  cmsmasters_image_c\"><img decoding=\"async\" src=\"https:\/\/mojaszkola.com\/wp-content\/uploads\/2015\/04\/67F3F4728A7E1EE0D41B5F00BF650076E67E200CC98451EF9Epimgpsh_fullsize_distr.png\" alt=\"Picture\" \/><\/div><\/div><div id=\"cmsmasters_heading_hzj4m32eb\" class=\"cmsmasters_heading_wrap cmsmasters_heading_align_center\">\n\t<h5 class=\"cmsmasters_heading\">Nasza szko\u0142a jest weso\u0142a! &#8211; to has\u0142o, kt\u00f3re najpe\u0142niej oddaje cele jakie sobie postawili\u015bmy. \u0141\u0105cz\u0105c nauk\u0119 z zabaw\u0105 staramy si\u0119 przekaza\u0107 naszym wychowankom rado\u015b\u0107 z bycia dwuj\u0119zycznym i dwukulturowym. Atutem naszej szko\u0142y jest przyjazna atmosfera, \u015bwietnie przygotowani do pracy z dwuj\u0119zycznymi uczniami pedagodzy, kt\u00f3rzy s\u0105 pasjonatami swojego zawodu oraz zrozumienie potrzeb wynikaj\u0105cych z nauczania j\u0119zyka polskiego jako obcego.<\/h5>\n<\/div><div id=\"cmsmasters_heading_tpvo6xurm\" class=\"cmsmasters_heading_wrap cmsmasters_heading_align_center\">\n\t<h5 class=\"cmsmasters_heading\">Polska Szko\u0142a im. Marii Sk\u0142odowskiej-Curie wychowuje w duchu poszanowania tradycji, dziedzictwa, rodziny i kultury polskiej. Podczas zaj\u0119\u0107 lekcyjnych nauczyciele wykorzystuj\u0105 najnowsze za\u0142o\u017cenia i pomoce dydaktyczne daj\u0105ce nieograniczone mo\u017cliwo\u015bci realizowania autorskich program\u00f3w dostosowanych do potrzeb uczni\u00f3w. Nasz program nauczania jest ciekawy, nowatorski, a przy tym poparty wieloletni\u0105 praktyk\u0105.<\/h5>\n<\/div>\n<\/div><\/div>\n<\/div>\n<\/div>\n<\/div>\n<\/div>\n<\/div>\n<div id=\"cmsmasters_row_nc3f3u2nvo\" class=\"cmsmasters_row cmsmasters_color_scheme_default patronkas cmsmasters_row_top_default cmsmasters_row_bot_default cmsmasters_row_boxed\">\n<div class=\"cmsmasters_row_outer_parent\">\n<div class=\"cmsmasters_row_outer\">\n<div class=\"cmsmasters_row_inner\">\n<div class=\"cmsmasters_row_margin\">\n<div id=\"cmsmasters_column_4bltjijhib\" class=\"cmsmasters_column one_third\">\n<div class=\"cmsmasters_column_inner\"><div class=\"custom_html\">\n<p><img decoding=\"async\" src=\"\/wp-content\/uploads\/2021\/04\/image-47.png\"><\/p>\n<\/div>\n<\/div><\/div>\n<div id=\"cmsmasters_column_ci8uperdrq\" class=\"cmsmasters_column two_third\">\n<div class=\"cmsmasters_column_inner\"><div class=\"cmsmasters_text\">\n<div class=\"patronkah\">PATRONKA SZKO\u0141Y<\/div>\n<p><strong>Maria Sk\u0142odowska-Curie (1867-1934)<\/strong><br \/>\nBy\u0142a dwukrotn\u0105 laureatk\u0105 Nagrody Nobla z chemii i fizyki. Jako jedna z pierwszych kobiet zrobi\u0142a prawo jazdy i zdoby\u0142a Rysy, by\u0142a jedn\u0105 z pierwszych studentek na Sorbonie i pierwsz\u0105 kobiet\u0105 profesorem tej uczelni.<\/p>\n<p><a href=\"\/index.php\/patronka-szkoly\/\">WI\u0118CEJ<\/a><\/p>\n<\/div>\n<\/div><\/div>\n<\/div>\n<\/div>\n<\/div>\n<\/div>\n<\/div>\n<div id=\"cmsmasters_row_atkdcl2ltn\" class=\"cmsmasters_row cmsmasters_color_scheme_default cmsmasters_row_top_default cmsmasters_row_bot_default cmsmasters_row_boxed\">\n<div class=\"cmsmasters_row_outer_parent\">\n<div class=\"cmsmasters_row_outer\">\n<div class=\"cmsmasters_row_inner\">\n<div class=\"cmsmasters_row_margin\">\n<\/div>\n<\/div>\n<\/div>\n<\/div>\n<\/div>\n<div id=\"cmsmasters_column_hgha9fajxt\" class=\"cmsmasters_column one_first\">\n<div class=\"cmsmasters_column_inner\"><\/div><\/div>\n<\/p>\n","protected":false},"excerpt":{"rendered":"","protected":false},"author":10,"featured_media":0,"parent":0,"menu_order":0,"comment_status":"closed","ping_status":"closed","template":"","meta":{"footnotes":""},"class_list":["post-16743","page","type-page","status-publish","hentry"],"_links":{"self":[{"href":"https:\/\/mojaszkola.com\/index.php?rest_route=\/wp\/v2\/pages\/16743","targetHints":{"allow":["GET"]}}],"collection":[{"href":"https:\/\/mojaszkola.com\/index.php?rest_route=\/wp\/v2\/pages"}],"about":[{"href":"https:\/\/mojaszkola.com\/index.php?rest_route=\/wp\/v2\/types\/page"}],"author":[{"embeddable":true,"href":"https:\/\/mojaszkola.com\/index.php?rest_route=\/wp\/v2\/users\/10"}],"replies":[{"embeddable":true,"href":"https:\/\/mojaszkola.com\/index.php?rest_route=%2Fwp%2Fv2%2Fcomments&post=16743"}],"version-history":[{"count":5,"href":"https:\/\/mojaszkola.com\/index.php?rest_route=\/wp\/v2\/pages\/16743\/revisions"}],"predecessor-version":[{"id":17019,"href":"https:\/\/mojaszkola.com\/index.php?rest_route=\/wp\/v2\/pages\/16743\/revisions\/17019"}],"wp:attachment":[{"href":"https:\/\/mojaszkola.com\/index.php?rest_route=%2Fwp%2Fv2%2Fmedia&parent=16743"}],"curies":[{"name":"wp","href":"https:\/\/api.w.org\/{rel}","templated":true}]}}