{"id":16545,"date":"2021-11-02T22:32:01","date_gmt":"2021-11-02T22:32:01","guid":{"rendered":"http:\/\/164.90.132.79\/?page_id=16545"},"modified":"2025-11-03T02:36:27","modified_gmt":"2025-11-03T02:36:27","slug":"zarzad-szkoly","status":"publish","type":"page","link":"https:\/\/mojaszkola.com\/?page_id=16545","title":{"rendered":"Zarz\u0105d szko\u0142y"},"content":{"rendered":"\n<figure class=\"wp-block-table is-style-stripes\"><table class=\"has-fixed-layout\"><tbody><tr><td class=\"has-text-align-left\" data-align=\"left\"><\/td><td><\/td><\/tr><tr><td class=\"has-text-align-left\" data-align=\"left\"><strong>El\u017cbieta Berkowicz<\/strong><\/td><td>DYREKTOR SZKO\u0141Y<\/td><\/tr><tr><td class=\"has-text-align-left\" data-align=\"left\"><strong>Iwona Biernacka<\/strong><\/td><td>WICEDYREKTOR<\/td><\/tr><tr><td class=\"has-text-align-left\" data-align=\"left\"><strong>Sylwia W\u00f3jtowicz<\/strong><\/td><td>PREZES<\/td><\/tr><tr><td class=\"has-text-align-left\" data-align=\"left\"><strong><strong>Olga Kie\u0142ek<\/strong><\/strong><\/td><td>SKARBNIK<\/td><\/tr><tr><td class=\"has-text-align-left\" data-align=\"left\"><strong>Ma\u0142gorzata Bielenda-Mazur<\/strong><\/td><td>WICEPREZES I<\/td><\/tr><tr><td class=\"has-text-align-left\" data-align=\"left\"><strong>Magdalena Gi\u017cycka<\/strong><\/td><td>WICEPREZES II<\/td><\/tr><tr><td class=\"has-text-align-left\" data-align=\"left\"><strong>Marcin Mazur<\/strong><\/td><td>G\u0141\u00d3WNY TECHNOLOG<\/td><\/tr><tr><td class=\"has-text-align-left\" data-align=\"left\"><strong>Magdalena Kazberuk<\/strong><\/td><td>SEKRETARZ<\/td><\/tr><tr><td class=\"has-text-align-left\" data-align=\"left\"><strong>Liliana Kli\u015b<\/strong><\/td><td>KOORDYNATOR KATECHETYCZNY<\/td><\/tr><\/tbody><\/table><\/figure>\n\n\n\n<div class=\"wp-block-columns is-layout-flex wp-container-core-columns-is-layout-9d6595d7 wp-block-columns-is-layout-flex\">\n<div class=\"wp-block-column is-layout-flow wp-block-column-is-layout-flow\"><\/div>\n<\/div>\n\n\n\n<p class=\"has-text-align-left\">Komitet Rodzicielski wraz Zarz\u0105dem, Dyrekcj\u0105 i Kadr\u0105 Nauczycielsk\u0105 dbaj\u0105 o to, aby wszystkie decyzje dotycz\u0105ce szko\u0142y mia\u0142y przede wszystkim na celu  dobro uczni\u00f3w. Do zada\u0144 Komitetu i Zarz\u0105du nale\u017cy tak\u017ce organizowanie szkolnych uroczysto\u015bci \u2013 rozpocz\u0119cie, i zako\u0144czenie roku szkolnego, \u015blubowanie pierwszoklasist\u00f3w, po\u017cegnanie maturzyst\u00f3w oraz imprez okoliczno\u015bciowych \u2013 jase\u0142ka, miko\u0142ajki, malowanie pisanek, kiermasze \u015bwi\u0105teczne, wyjazd na parad\u0119 3 Majow\u0105.<\/p>\n","protected":false},"excerpt":{"rendered":"<p>El\u017cbieta Berkowicz DYREKTOR SZKO\u0141Y Iwona Biernacka WICEDYREKTOR Sylwia W\u00f3jtowicz PREZES Olga Kie\u0142ek SKARBNIK Ma\u0142gorzata Bielenda-Mazur WICEPREZES I Magdalena Gi\u017cycka WICEPREZES&#8230;<\/p>\n","protected":false},"author":1,"featured_media":0,"parent":0,"menu_order":0,"comment_status":"closed","ping_status":"closed","template":"","meta":{"footnotes":""},"class_list":["post-16545","page","type-page","status-publish","hentry"],"_links":{"self":[{"href":"https:\/\/mojaszkola.com\/index.php?rest_route=\/wp\/v2\/pages\/16545","targetHints":{"allow":["GET"]}}],"collection":[{"href":"https:\/\/mojaszkola.com\/index.php?rest_route=\/wp\/v2\/pages"}],"about":[{"href":"https:\/\/mojaszkola.com\/index.php?rest_route=\/wp\/v2\/types\/page"}],"author":[{"embeddable":true,"href":"https:\/\/mojaszkola.com\/index.php?rest_route=\/wp\/v2\/users\/1"}],"replies":[{"embeddable":true,"href":"https:\/\/mojaszkola.com\/index.php?rest_route=%2Fwp%2Fv2%2Fcomments&post=16545"}],"version-history":[{"count":7,"href":"https:\/\/mojaszkola.com\/index.php?rest_route=\/wp\/v2\/pages\/16545\/revisions"}],"predecessor-version":[{"id":16986,"href":"https:\/\/mojaszkola.com\/index.php?rest_route=\/wp\/v2\/pages\/16545\/revisions\/16986"}],"wp:attachment":[{"href":"https:\/\/mojaszkola.com\/index.php?rest_route=%2Fwp%2Fv2%2Fmedia&parent=16545"}],"curies":[{"name":"wp","href":"https:\/\/api.w.org\/{rel}","templated":true}]}}