{"id":16460,"date":"2021-11-02T18:16:49","date_gmt":"2021-11-02T18:16:49","guid":{"rendered":"http:\/\/164.90.132.79\/?page_id=16460"},"modified":"2025-11-03T03:06:38","modified_gmt":"2025-11-03T03:06:38","slug":"dyzury-rodzicow","status":"publish","type":"page","link":"https:\/\/mojaszkola.com\/?page_id=16460","title":{"rendered":"Dy\u017cury rodzic\u00f3w"},"content":{"rendered":"\n<p><\/p>\n\n\n<div id=\"cmsmasters_row_9hxpxvo7vf\" class=\"cmsmasters_row cmsmasters_color_scheme_default fullwidthrow cmsmasters_row_top_default cmsmasters_row_bot_default cmsmasters_row_fullwidth\">\n<div class=\"cmsmasters_row_outer_parent\">\n<div class=\"cmsmasters_row_outer\">\n<div class=\"cmsmasters_row_inner cmsmasters_row_fullwidth cmsmasters_row_no_margin\">\n<div class=\"cmsmasters_row_margin\">\n<div id=\"cmsmasters_column_u8tunbh3ue\" class=\"cmsmasters_column one_first\">\n<div class=\"cmsmasters_column_inner\"><div class=\"cmsmasters_text center6534543\">\n<p style=\"text-align: center;\" data-pm-slice=\"1 1 &#091;&#093;\"><strong>Drodzy Rodzice prosimy o zapisywanie si\u0119 na dy\u017cury w wolnych terminach za pomoc\u0105 poni\u017cszego linku na platformie SignUpGenius:<\/strong><\/p>\n<\/div>\n<\/div><\/div>\n<\/div>\n<\/div>\n<\/div>\n<\/div>\n<\/div>\n\n\n\n\n<div class=\"wp-block-buttons is-content-justification-center is-layout-flex wp-container-core-buttons-is-layout-16018d1d wp-block-buttons-is-layout-flex\" id=\"http:\/\/email.signupgenius.com\/ls\/click?upn=u001.WQ4iVoee1yyrZbxl-2BPRFvLbdWkC7lALk6RGDsUjAulsjQp6T5rsrTFese4RjLLGe7gzUZ6eetdFVPH-2BsZcBA7sQmFwV8LZXTaoHxOZWR8KUH-2Fy0n8Qen4ODH-2FF2fWmHDQ4PO_5k7knowjATyPFO2pisgi1p53Kc1qL2A-2BroNpEJDxAVOYXOkfiSP0-2F1e4-2FZ53rxscbRzd-2B4haZLoBINm-2FdnGx83i9iI2sB2Mt5cefNuwXIyGeidZK6ThkFPyImP9kzNa0Dt3Yh1DG1SouWIVVgbBbFGNQSoW9ec-2BSLD-2BYruPVUFZxpjDmwiWaQ927yHCNGVIiyl2rEswjTUr1ds4Ug2PtZ82p2H2o70EiXq23-2BewXcyjfxT8tMmy4hYuj7iqvNjvEBuWJouE5ezU61rjHs4YupOUgNbVnlgA96QSBpsGL-2BkOkDLAMrvvjQE8OaJV49N1xVK2tuV3EzyGIRj0ynzsjImBPdRer8-2B8NJhxvpbkjleMWi1hhqO8PfNFjJfPTNJGYk5m3w4RRt3SmW0fiWvPh6iYI8o8pSx3DUXcgxZgEaWH6lMtNHFGHN2W6I02CckbBOdKRa3aigFCqcsRfda8-2BbQ-3D-3D\">\n<div class=\"wp-block-button\"><a class=\"wp-block-button__link wp-element-button\" href=\"https:\/\/www.signupgenius.com\/go\/8050F4AA8AC29A6F85-58749943-zapisy#\/\" target=\"_blank\" rel=\"http:\/\/email.signupgenius.com\/ls\/click?upn=u001.WQ4iVoee1yyrZbxl-2BPRFvLbdWkC7lALk6RGDsUjAulsjQp6T5rsrTFese4RjLLGe7gzUZ6eetdFVPH-2BsZcBA7sQmFwV8LZXTaoHxOZWR8KUH-2Fy0n8Qen4ODH-2FF2fWmHDQ4PO_5k7knowjATyPFO2pisgi1p53Kc1qL2A-2BroNpEJDxAVOYXOkfiSP0-2F1e4-2FZ53rxscbRzd-2B4haZLoBINm-2FdnGx83i9iI2sB2Mt5cefNuwXIyGeidZK6ThkFPyImP9kzNa0Dt3Yh1DG1SouWIVVgbBbFGNQSoW9ec-2BSLD-2BYruPVUFZxpjDmwiWaQ927yHCNGVIiyl2rEswjTUr1ds4Ug2PtZ82p2H2o70EiXq23-2BewXcyjfxT8tMmy4hYuj7iqvNjvEBuWJouE5ezU61rjHs4YupOUgNbVnlgA96QSBpsGL-2BkOkDLAMrvvjQE8OaJV49N1xVK2tuV3EzyGIRj0ynzsjImBPdRer8-2B8NJhxvpbkjleMWi1hhqO8PfNFjJfPTNJGYk5m3w4RRt3SmW0fiWvPh6iYI8o8pSx3DUXcgxZgEaWH6lMtNHFGHN2W6I02CckbBOdKRa3aigFCqcsRfda8-2BbQ-3D-3D noreferrer noopener\">ZAPISY NA DY\u017bUR PI\u0104TKOWY<\/a><\/div>\n\n\n\n<div class=\"wp-block-button\"><a class=\"wp-block-button__link wp-element-button\" href=\"https:\/\/www.signupgenius.com\/go\/8050F4AA8AC29A6F85-58779797-zapisy#\/\" target=\"_blank\" rel=\"http:\/\/email.signupgenius.com\/ls\/click?upn=u001.WQ4iVoee1yyrZbxl-2BPRFvLbdWkC7lALk6RGDsUjAulsjQp6T5rsrTFese4RjLLGe7gzUZ6eetdFVPH-2BsZcBA7sQmFwV8LZXTaoHxOZWR8KUH-2Fy0n8Qen4ODH-2FF2fWmHDQ4PO_5k7knowjATyPFO2pisgi1p53Kc1qL2A-2BroNpEJDxAVOYXOkfiSP0-2F1e4-2FZ53rxscbRzd-2B4haZLoBINm-2FdnGx83i9iI2sB2Mt5cefNuwXIyGeidZK6ThkFPyImP9kzNa0Dt3Yh1DG1SouWIVVgbBbFGNQSoW9ec-2BSLD-2BYruPVUFZxpjDmwiWaQ927yHCNGVIiyl2rEswjTUr1ds4Ug2PtZ82p2H2o70EiXq23-2BewXcyjfxT8tMmy4hYuj7iqvNjvEBuWJouE5ezU61rjHs4YupOUgNbVnlgA96QSBpsGL-2BkOkDLAMrvvjQE8OaJV49N1xVK2tuV3EzyGIRj0ynzsjImBPdRer8-2B8NJhxvpbkjleMWi1hhqO8PfNFjJfPTNJGYk5m3w4RRt3SmW0fiWvPh6iYI8o8pSx3DUXcgxZgEaWH6lMtNHFGHN2W6I02CckbBOdKRa3aigFCqcsRfda8-2BbQ-3D-3D noreferrer noopener\">ZAPISY NA DY\u017bUR SOBOTNI<\/a><\/div>\n<\/div>\n\n\n\n<p><\/p>\n\n\n\n<p><\/p>\n\n\n\n<p><\/p>\n","protected":false},"excerpt":{"rendered":"","protected":false},"author":1,"featured_media":0,"parent":0,"menu_order":0,"comment_status":"closed","ping_status":"closed","template":"","meta":{"footnotes":""},"class_list":["post-16460","page","type-page","status-publish","hentry"],"_links":{"self":[{"href":"https:\/\/mojaszkola.com\/index.php?rest_route=\/wp\/v2\/pages\/16460","targetHints":{"allow":["GET"]}}],"collection":[{"href":"https:\/\/mojaszkola.com\/index.php?rest_route=\/wp\/v2\/pages"}],"about":[{"href":"https:\/\/mojaszkola.com\/index.php?rest_route=\/wp\/v2\/types\/page"}],"author":[{"embeddable":true,"href":"https:\/\/mojaszkola.com\/index.php?rest_route=\/wp\/v2\/users\/1"}],"replies":[{"embeddable":true,"href":"https:\/\/mojaszkola.com\/index.php?rest_route=%2Fwp%2Fv2%2Fcomments&post=16460"}],"version-history":[{"count":8,"href":"https:\/\/mojaszkola.com\/index.php?rest_route=\/wp\/v2\/pages\/16460\/revisions"}],"predecessor-version":[{"id":16989,"href":"https:\/\/mojaszkola.com\/index.php?rest_route=\/wp\/v2\/pages\/16460\/revisions\/16989"}],"wp:attachment":[{"href":"https:\/\/mojaszkola.com\/index.php?rest_route=%2Fwp%2Fv2%2Fmedia&parent=16460"}],"curies":[{"name":"wp","href":"https:\/\/api.w.org\/{rel}","templated":true}]}}