{"id":16257,"date":"2021-04-14T17:46:41","date_gmt":"2021-04-14T17:46:41","guid":{"rendered":"http:\/\/164.90.132.79\/?page_id=16257"},"modified":"2025-06-13T03:09:23","modified_gmt":"2025-06-13T03:09:23","slug":"program-nauczania","status":"publish","type":"page","link":"https:\/\/mojaszkola.com\/?page_id=16257","title":{"rendered":"Program nauczania"},"content":{"rendered":"<div id=\"cmsmasters_row_9hxpxvo7vf\" class=\"cmsmasters_row cmsmasters_color_scheme_default fullwidthrow cmsmasters_row_top_default cmsmasters_row_bot_default cmsmasters_row_fullwidth\">\n<div class=\"cmsmasters_row_outer_parent\">\n<div class=\"cmsmasters_row_outer\">\n<div class=\"cmsmasters_row_inner cmsmasters_row_fullwidth cmsmasters_row_no_margin\">\n<div class=\"cmsmasters_row_margin\">\n<div id=\"cmsmasters_column_u8tunbh3ue\" class=\"cmsmasters_column one_first\">\n<div class=\"cmsmasters_column_inner\"><\/div><\/div>\n<\/div>\n<\/div>\n<\/div>\n<\/div>\n<\/div>\n<div id=\"cmsmasters_row_i3xp5frv9h\" class=\"cmsmasters_row cmsmasters_color_scheme_default cmsmasters_row_top_default cmsmasters_row_bot_default cmsmasters_row_boxed\">\n<div class=\"cmsmasters_row_outer_parent\">\n<div class=\"cmsmasters_row_outer\">\n<div class=\"cmsmasters_row_inner\">\n<div class=\"cmsmasters_row_margin\">\n<div id=\"cmsmasters_column_eac4m8p73\" class=\"cmsmasters_column one_first\">\n<div class=\"cmsmasters_column_inner\"><div class=\"cmsmasters_text\">\n<p style=\"text-align: left;\" data-pm-slice=\"1 1 &#091;&#093;\">Polska Szko\u0142a im. Marii Sk\u0142odowskiej-Curie oferuje nauk\u0119 dla wszystkich poziom\u00f3w znajomo\u015bci j\u0119zyka polskiego\u00a0oraz dla grup wiekowych od przedszkola do 3 klasy liceum.<\/p>\n<p style=\"text-align: left;\">Program nauczania j\u0119zyka polskiego przygotowany jest w oparciu o:- podstaw\u0119 programow\u0105 dla szk\u00f3\u0142 polonijnych opracowan\u0105 przez Zrzeszenie Nauczycieli Polskich w Ameryce,<br \/>\n&#8211; podstaw\u0119 programow\u0105 dla r\u00f3\u017cnych poziom\u00f3w zaawansowania opracowan\u0105 przez Katedr\u0119 J\u0119zyka Polskiego jako Obcego,<br \/>\n&#8211; najnowsze osi\u0105gni\u0119cia z zakresu glottodydaktyki zajmuj\u0105cej si\u0119 nauczaniem j\u0119zyka polskiego jako obcego,<br \/>\n&#8211; wytyczne post\u0119powania logopedycznego w nauczaniu j\u0119zyka polskiego,<br \/>\n&#8211; programy autorskie.<\/p>\n<p style=\"text-align: left;\">Tematyka oraz zakres programowy zaj\u0119\u0107 katechetycznych w j\u0119zyku polskim zosta\u0142 opracowany na podstawie wymog\u00f3w programowych Archidiecezji Chicagowskiej. Opiekunem duchowym jest ks. Zdzis\u0142aw Torba.<\/p>\n<p style=\"text-align: left;\">Przyj\u0119cie Sakrament\u00f3w \u2013 Pierwszej Komunii \u015awi\u0119tej oraz Bierzmowania odbywa si\u0119 w ko\u015bciele St John Brebeuf w Niles.<\/p>\n<p style=\"text-align: center;\"><a style=\"margin: 0 auto;\" href=\"https:\/\/www.sjbrebeuf.org\/\">Ko\u015bci\u00f3\u0142 St John Brebeuf w Niles<\/a><\/p>\n<div class=\"custom_html bt92\">\n<p style=\"text-align: center;\">Nasi pedagodzy przygotowuj\u0105 tak\u017ce do egzaminu certyfikatowego z j\u0119zyka polskiego oraz Seal of Biliteracy.<\/p>\n<\/div>\n<p style=\"text-align: left;\">\n<h2 class=\"wp-block-heading has-text-align-center\">Zaj\u0119cia Pi\u0105tkowe<\/h2>\n<p>Zaj\u0119cia w Polskiej Szkole im. Marii Sk\u0142odowskiej-Curie odbywaj\u0105 si\u0119 w pi\u0105tki w godzinach od 6:00 po po\u0142udniu do 9:00 wieczorem. Oferujemy r\u00f3wnie\u017c zaj\u0119cia z religii przygotowuj\u0105ce do Sakrament\u00f3w \u015awi\u0119tych w pi\u0105tki w godzinach od 5:00 do 6:00 po po\u0142udniu.<\/p>\n<h2 class=\"wp-block-heading has-text-align-center\">Zaj\u0119cia Sobotnie<\/h2>\n<p>Zaj\u0119cia w Polskiej Szkole im. Marii Sk\u0142odowskiej-Curie odbywaj\u0105 si\u0119 w soboty w godzinach od 9:30 rano do 1:00 po po\u0142udniu. Oferujemy r\u00f3wnie\u017c zaj\u0119cia z religii przygotowuj\u0105ce do Sakrament\u00f3w \u015awi\u0119tych w soboty w godzinach od 8:45 do 9:30 rano.<\/p>\n<p>W soboty zapewniamy zaj\u0119cia dodatkowe \u2013 zaj\u0119cia plastyczne oraz \u015bwietlic\u0119, a tak\u017ce oferujemy p\u0142atny lunch dla uczni\u00f3w.<\/p>\n<\/div>\n<\/div><\/div>\n<\/div>\n<\/div>\n<\/div>\n<\/div>\n<\/div>\n\n","protected":false},"excerpt":{"rendered":"","protected":false},"author":1,"featured_media":0,"parent":0,"menu_order":0,"comment_status":"closed","ping_status":"closed","template":"","meta":{"footnotes":""},"class_list":["post-16257","page","type-page","status-publish","hentry"],"_links":{"self":[{"href":"https:\/\/mojaszkola.com\/index.php?rest_route=\/wp\/v2\/pages\/16257","targetHints":{"allow":["GET"]}}],"collection":[{"href":"https:\/\/mojaszkola.com\/index.php?rest_route=\/wp\/v2\/pages"}],"about":[{"href":"https:\/\/mojaszkola.com\/index.php?rest_route=\/wp\/v2\/types\/page"}],"author":[{"embeddable":true,"href":"https:\/\/mojaszkola.com\/index.php?rest_route=\/wp\/v2\/users\/1"}],"replies":[{"embeddable":true,"href":"https:\/\/mojaszkola.com\/index.php?rest_route=%2Fwp%2Fv2%2Fcomments&post=16257"}],"version-history":[{"count":7,"href":"https:\/\/mojaszkola.com\/index.php?rest_route=\/wp\/v2\/pages\/16257\/revisions"}],"predecessor-version":[{"id":16624,"href":"https:\/\/mojaszkola.com\/index.php?rest_route=\/wp\/v2\/pages\/16257\/revisions\/16624"}],"wp:attachment":[{"href":"https:\/\/mojaszkola.com\/index.php?rest_route=%2Fwp%2Fv2%2Fmedia&parent=16257"}],"curies":[{"name":"wp","href":"https:\/\/api.w.org\/{rel}","templated":true}]}}