{"id":16174,"date":"2021-04-13T15:03:38","date_gmt":"2021-04-13T15:03:38","guid":{"rendered":"http:\/\/164.90.132.79\/?page_id=16174"},"modified":"2025-08-15T03:25:34","modified_gmt":"2025-08-15T03:25:34","slug":"partnerzy-szkoly","status":"publish","type":"page","link":"https:\/\/mojaszkola.com\/?page_id=16174","title":{"rendered":"Partnerzy szko\u0142y"},"content":{"rendered":"<div id=\"cmsmasters_row_9hxpxvo7vf\" class=\"cmsmasters_row cmsmasters_color_scheme_default fullwidthrow cmsmasters_row_top_default cmsmasters_row_bot_default cmsmasters_row_fullwidth\">\n<div class=\"cmsmasters_row_outer_parent\">\n<div class=\"cmsmasters_row_outer\">\n<div class=\"cmsmasters_row_inner cmsmasters_row_fullwidth cmsmasters_row_no_margin\">\n<div class=\"cmsmasters_row_margin\">\n<div id=\"cmsmasters_column_u8tunbh3ue\" class=\"cmsmasters_column one_first\">\n<div class=\"cmsmasters_column_inner\"><\/div><\/div>\n<\/div>\n<\/div>\n<\/div>\n<\/div>\n<\/div>\n<div id=\"cmsmasters_row_72ht9gtlo9\" class=\"cmsmasters_row cmsmasters_color_scheme_default niceli1 cmsmasters_row_top_default cmsmasters_row_bot_default cmsmasters_row_boxed\">\n<div class=\"cmsmasters_row_outer_parent\">\n<div class=\"cmsmasters_row_outer\">\n<div class=\"cmsmasters_row_inner\">\n<div class=\"cmsmasters_row_margin\">\n<div id=\"cmsmasters_column_nfnkcqvgae\" class=\"cmsmasters_column one_first\">\n<div class=\"cmsmasters_column_inner\"><div class=\"cmsmasters_text\">\n<p style=\"text-align: center;\" data-pm-slice=\"1 3 &#091;&#093;\">Misj\u0105 naszej szko\u0142y jest nauczanie dzieci i m\u0142odzie\u017cy j\u0119zyka, kultury, tradycji, historii oraz geografii Polski. Nasi wykwalifikowani pedagodzy staraj\u0105 si\u0119 wykorzysta\u0107 r\u00f3\u017cnorodne, stymuluj\u0105ce ten proces metody nauczania. Jedn\u0105 z nich jest tak\u017ce propagowanie informacji, partnerstwo oraz wsp\u00f3\u0142praca przy projektach o zasi\u0119gu krajowym lub mi\u0119dzynarodowym. Z dum\u0105 prezentujemy naszych partner\u00f3w:<\/p>\n<p style=\"text-align: center;\" data-pm-slice=\"1 3 &#091;&#093;\"><img loading=\"lazy\" decoding=\"async\" class=\"alignnone size-full wp-image-16877\" src=\"http:\/\/164.90.132.79\/wp-content\/uploads\/2024\/09\/image001.jpg\" alt=\"\" width=\"113\" height=\"114\" \/><\/p>\n<p style=\"text-align: center;\"><a href=\"http:\/\/www.wspolnotapolska.org.pl\">http:\/\/www.wspolnotapolska.org.pl<\/a><\/p>\n<p style=\"text-align: center;\"><strong><em>Stowarzyszenie<\/em><\/strong><strong><em>\u00a0<\/em><\/strong><strong><em>\u201eWsp\u00f3lnota Polska\u201d<\/em><\/strong><\/p>\n<p style=\"text-align: center;\"><em><a href=\"https:\/\/www.google.com\/maps\/search\/ul.+Krakowskie+Przedmie%C5%9Bcie+64+00-322+Warszawa?entry=gmail&amp;source=g\" data-saferedirecturl=\"https:\/\/www.google.com\/url?q=https:\/\/www.google.com\/maps\/search\/ul.%2BKrakowskie%2BPrzedmie%25C5%259Bcie%2B64%2B00-322%2BWarszawa?entry%3Dgmail%26source%3Dg&amp;source=gmail&amp;ust=1727396593431000&amp;usg=AOvVaw3uqNj7oCjEuljhmFdbytRy\">Krakowskie Przedmie\u015bcie 64<\/a><\/em><\/p>\n<p style=\"text-align: center;\"><em><a href=\"https:\/\/www.google.com\/maps\/search\/ul.+Krakowskie+Przedmie%C5%9Bcie+64+00-322+Warszawa?entry=gmail&amp;source=g\" data-saferedirecturl=\"https:\/\/www.google.com\/url?q=https:\/\/www.google.com\/maps\/search\/ul.%2BKrakowskie%2BPrzedmie%25C5%259Bcie%2B64%2B00-322%2BWarszawa?entry%3Dgmail%26source%3Dg&amp;source=gmail&amp;ust=1727396593431000&amp;usg=AOvVaw3uqNj7oCjEuljhmFdbytRy\">00-322 Warszawa<\/a><br \/>\ntel.<\/em><em>+48 22\u00a0556 90 55 wew. 155<\/em><\/p>\n<p style=\"text-align: center;\"><em>kom.: +48\u00a0532\u00a0430 760<\/em><\/p>\n<hr \/>\n<p><img loading=\"lazy\" decoding=\"async\" class=\"aligncenter size-full wp-image-16938\" src=\"http:\/\/164.90.132.79\/wp-content\/uploads\/2025\/08\/image-2.png\" alt=\"\" width=\"802\" height=\"702\" srcset=\"https:\/\/mojaszkola.com\/wp-content\/uploads\/2025\/08\/image-2.png 802w, https:\/\/mojaszkola.com\/wp-content\/uploads\/2025\/08\/image-2-768x672.png 768w\" sizes=\"auto, (max-width: 802px) 100vw, 802px\" \/><\/p>\n<hr \/>\n<p><img loading=\"lazy\" decoding=\"async\" class=\"size-full wp-image-16904 aligncenter\" src=\"http:\/\/164.90.132.79\/wp-content\/uploads\/2025\/01\/dotacja-2024-1-e1736908705286.png\" alt=\"\" width=\"1033\" height=\"1058\" \/><\/p>\n<hr \/>\n<p data-pm-slice=\"1 3 &#091;&#093;\"><img loading=\"lazy\" decoding=\"async\" class=\"size-full wp-image-16876 aligncenter\" src=\"http:\/\/164.90.132.79\/wp-content\/uploads\/2024\/09\/plakat.png\" alt=\"\" width=\"1033\" height=\"827\" srcset=\"https:\/\/mojaszkola.com\/wp-content\/uploads\/2024\/09\/plakat.png 1033w, https:\/\/mojaszkola.com\/wp-content\/uploads\/2024\/09\/plakat-768x615.png 768w\" sizes=\"auto, (max-width: 1033px) 100vw, 1033px\" \/><\/p>\n<ul class=\"ProsemirrorEditor-list\">\n<li class=\"ProsemirrorEditor-listItem\" style=\"text-align: center;\" data-list-indent=\"1\" data-list-type=\"bulleted\">Polonijna Agencja Informacyjna<\/li>\n<li class=\"ProsemirrorEditor-listItem\" style=\"text-align: center;\" data-list-indent=\"1\" data-list-type=\"bulleted\">Stowarzyszenie \u201eWsp\u00f3lnota Polska\u201d<\/li>\n<li class=\"ProsemirrorEditor-listItem\" style=\"text-align: center;\" data-list-indent=\"1\" data-list-type=\"bulleted\">Pi\u0119kniejsza Strona Nauki<\/li>\n<li class=\"ProsemirrorEditor-listItem\" style=\"text-align: center;\" data-list-indent=\"1\" data-list-type=\"bulleted\">Muzeum Marii Sk\u0142odowskiej-Curie w Warszawie<\/li>\n<li class=\"ProsemirrorEditor-listItem\" style=\"text-align: center;\" data-list-indent=\"1\" data-list-type=\"bulleted\">Polska Szko\u0142a Wirtualna na Litwie<\/li>\n<li class=\"ProsemirrorEditor-listItem\" style=\"text-align: center;\" data-list-indent=\"1\" data-list-type=\"bulleted\">Dobra Polska Szko\u0142a<\/li>\n<li class=\"ProsemirrorEditor-listItem\" style=\"text-align: center;\" data-list-indent=\"1\" data-list-type=\"bulleted\">Klub Nauczycieli Polskich i Polonijnych Gniazdo w Gnie\u017anie<\/li>\n<li class=\"ProsemirrorEditor-listItem\" style=\"text-align: center;\" data-list-indent=\"1\" data-list-type=\"bulleted\"><a href=\"https:\/\/smile.amazon.com\/ap\/signin?openid.pape.max_auth_age=3600&amp;openid.return_to=https%3A%2F%2Fsmile.amazon.com%2Fcharity%3Fein%3D38-3938807%26orig&amp;openid.identity=http%3A%2F%2Fspecs.openid.net%2Fauth%2F2.0%2Fidentifier_select&amp;openid.assoc_handle=amzn_smile_mobile&amp;openid.mode=checkid_setup&amp;marketPlaceId=ATVPDKIKX0DER&amp;language=en_US&amp;openid.claimed_id=http%3A%2F%2Fspecs.openid.net%2Fauth%2F2.0%2Fidentifier_select&amp;openid.ns=http%3A%2F%2Fspecs.openid.net%2Fauth%2F2.0\">Amazon Smile<\/a><\/li>\n<\/ul>\n<\/div>\n<\/div><\/div>\n<\/div>\n<\/div>\n<\/div>\n<\/div>\n<\/div>\n\n","protected":false},"excerpt":{"rendered":"","protected":false},"author":1,"featured_media":0,"parent":0,"menu_order":0,"comment_status":"closed","ping_status":"closed","template":"","meta":{"footnotes":""},"class_list":["post-16174","page","type-page","status-publish","hentry"],"_links":{"self":[{"href":"https:\/\/mojaszkola.com\/index.php?rest_route=\/wp\/v2\/pages\/16174","targetHints":{"allow":["GET"]}}],"collection":[{"href":"https:\/\/mojaszkola.com\/index.php?rest_route=\/wp\/v2\/pages"}],"about":[{"href":"https:\/\/mojaszkola.com\/index.php?rest_route=\/wp\/v2\/types\/page"}],"author":[{"embeddable":true,"href":"https:\/\/mojaszkola.com\/index.php?rest_route=\/wp\/v2\/users\/1"}],"replies":[{"embeddable":true,"href":"https:\/\/mojaszkola.com\/index.php?rest_route=%2Fwp%2Fv2%2Fcomments&post=16174"}],"version-history":[{"count":5,"href":"https:\/\/mojaszkola.com\/index.php?rest_route=\/wp\/v2\/pages\/16174\/revisions"}],"predecessor-version":[{"id":16622,"href":"https:\/\/mojaszkola.com\/index.php?rest_route=\/wp\/v2\/pages\/16174\/revisions\/16622"}],"wp:attachment":[{"href":"https:\/\/mojaszkola.com\/index.php?rest_route=%2Fwp%2Fv2%2Fmedia&parent=16174"}],"curies":[{"name":"wp","href":"https:\/\/api.w.org\/{rel}","templated":true}]}}