{"id":16154,"date":"2021-04-12T20:51:19","date_gmt":"2021-04-12T20:51:19","guid":{"rendered":"http:\/\/164.90.132.79\/?page_id=16154"},"modified":"2024-10-25T23:18:13","modified_gmt":"2024-10-25T23:18:13","slug":"o-szkole","status":"publish","type":"page","link":"https:\/\/mojaszkola.com\/?page_id=16154","title":{"rendered":"O Szkole"},"content":{"rendered":"<div id=\"cmsmasters_row_9hxpxvo7vf\" class=\"cmsmasters_row cmsmasters_color_scheme_default fullwidthrow cmsmasters_row_top_default cmsmasters_row_bot_default cmsmasters_row_fullwidth\">\n<div class=\"cmsmasters_row_outer_parent\">\n<div class=\"cmsmasters_row_outer\">\n<div class=\"cmsmasters_row_inner cmsmasters_row_fullwidth cmsmasters_row_no_margin\">\n<div class=\"cmsmasters_row_margin\">\n<div id=\"cmsmasters_column_u8tunbh3ue\" class=\"cmsmasters_column one_first\">\n<div class=\"cmsmasters_column_inner\"><\/div><\/div>\n<\/div>\n<\/div>\n<\/div>\n<\/div>\n<\/div>\n<div id=\"cmsmasters_row_72ht9gtlo9\" class=\"cmsmasters_row cmsmasters_color_scheme_default cmsmasters_row_top_default cmsmasters_row_bot_default cmsmasters_row_boxed\">\n<div class=\"cmsmasters_row_outer_parent\">\n<div class=\"cmsmasters_row_outer\">\n<div class=\"cmsmasters_row_inner\">\n<div class=\"cmsmasters_row_margin\">\n<div id=\"cmsmasters_column_nfnkcqvgae\" class=\"cmsmasters_column one_first\">\n<div class=\"cmsmasters_column_inner\"><div id=\"cmsmasters_heading_5vezccegui\" class=\"cmsmasters_heading_wrap cmsmasters_heading_align_center\">\n\t<h2 class=\"cmsmasters_heading\">HISTORIA SZKO\u0141Y <\/h2>\n<\/div><div class=\"cmsmasters_text\">\n<p style=\"text-align: center;\" data-pm-slice=\"1 1 &#091;&#093;\">Pomys\u0142odawczyni\u0105 za\u0142o\u017cenia polskiej szko\u0142y by\u0142a pani Gra\u017cyna Miga\u0142a w roku 1999 pe\u0142ni\u0105ca funkcj\u0119 Sekretarki Generalnej Zwi\u0105zku Polek w Ameryce. 9 wrze\u015bnia 2000 roku, w siedzibie Zwi\u0105zku Polek przy 205 South Northwest Highway w Park Ridge, Illinois rozpocz\u0119\u0142a swoj\u0105 dzia\u0142alno\u015b\u0107 Polska Szko\u0142a im. Marii Sk\u0142odowskiej-Curie. Na pierwszym zebraniu komitetu za\u0142o\u017cycielskiego, 25 lipca 2000 roku, w sali konferencyjnej im. Marii Sk\u0142odowskiej-Curie zdecydowano, \u017ce szko\u0142a b\u0119dzie nosi\u0107 imi\u0119 wybitnej Polki, Marii Sk\u0142odowskiej-Curie, za\u015b kierownikiem plac\u00f3wki zostanie pani Czes\u0142awa Kolak. Pocz\u0105tkowo pod patronatem Komisji 27, a nast\u0119pnie przekazana pod patronat Dystryktu I mia\u0142a by\u0107 modelow\u0105 plac\u00f3wk\u0105 edukacyjn\u0105, kt\u00f3rej g\u0142\u00f3wnym celem jest zapoznanie dzieci urodzonych poza granicami kraju z polsk\u0105 mow\u0105, histori\u0105 i geografi\u0105 oraz przekazanie polskich tradycji i zach\u0119canie do nauki oraz pos\u0142ugiwania si\u0119 j\u0119zykiem polskim w mowie i pi\u015bmie. Od pocz\u0105tku istnienia szko\u0142y idea ta cieszy\u0142a si\u0119 du\u017cym sukcesem, co by\u0142o powodem zwi\u0119kszaj\u0105cej si\u0119 z roku na rok liczby uczni\u00f3w.<\/p>\n<p style=\"text-align: center;\">Pierwsz\u0105\u00a0 przewodnicz\u0105c\u0105 Komitetu Rodzicielskiego polskiej szko\u0142y by\u0142a pani Agata Kr\u00f3licka. W 2001 r., wybrano pani\u0105 Ma\u0142gorzat\u0119 Ko\u015bcielak-Kr\u00f3likowsk\u0105, natomiast w 2002 roku funkcj\u0119 t\u0119 przej\u0119\u0142a pani Dr Halina Anio\u0142. Ze wzgl\u0119du na wci\u0105\u017c przybywaj\u0105cych nowych uczni\u00f3w, jak i zmian\u0119 siedziby Zwi\u0105zku Polek, zarz\u0105d szko\u0142y podj\u0105\u0142 decyzje o przeniesieniu si\u0119 do nowej lokalizacji. Zaj\u0119cia zacz\u0119\u0142y odbywa\u0107 si\u0119 w budynku katolickiej szko\u0142y Saint Juliana przy 7400 West Touhy na pograniczu Park Ridge, Niles i Chicago.<\/p>\n<p style=\"text-align: center;\">Pomimo up\u0142ywu lat Polska Szko\u0142a im. Marii Sk\u0142odowskiej-Curie niezmiennie cieszy si\u0119 ogromnym uznaniem w\u015br\u00f3d Polonii. Niew\u0105tpliw\u0105 zas\u0142ug\u0105 jest kontynuacja idei szko\u0142y, poprzez staranne dobranie kadry pedagogicznej i cz\u0142onk\u00f3w zarz\u0105du. Dyrektor pani Agnieszka Trzupek oraz prezes pani Sylwia W\u00f3jtowicz, nieustannie piel\u0119gnuj\u0105 i przestrzegaj\u0105 za\u0142o\u017ce\u0144 szko\u0142y, dbaj\u0105 o jej dobre imi\u0119, a tak\u017ce z nies\u0142abn\u0105cym zapa\u0142em anga\u017cuj\u0105 si\u0119 w promowanie plac\u00f3wki nie tylko w Illinois ale tak\u017ce w Polsce. W 2022 roku funkcj\u0119 Dyrektora obj\u0119\u0142a nauczycielka naszej szko\u0142y pani El\u017cbieta Berkowicz.<\/p>\n<\/div>\n<\/div><\/div>\n<\/div>\n<\/div>\n<\/div>\n<\/div>\n<\/div>\n<div id=\"cmsmasters_row_bitodm8w5\" class=\"cmsmasters_row cmsmasters_color_scheme_default cmsmasters_row_top_default cmsmasters_row_bot_default cmsmasters_row_boxed\">\n<div class=\"cmsmasters_row_outer_parent\">\n<div class=\"cmsmasters_row_outer\">\n<div class=\"cmsmasters_row_inner\">\n<div class=\"cmsmasters_row_margin\">\n<div id=\"cmsmasters_column_7znioyr1ae\" class=\"cmsmasters_column one_first\">\n<div class=\"cmsmasters_column_inner\"><div id=\"cmsmasters_heading_kpf53ncpup\" class=\"cmsmasters_heading_wrap cmsmasters_heading_align_center\">\n\t<h2 class=\"cmsmasters_heading\">WI\u0118CEJ INFORMACJI: <\/h2>\n<\/div>\n<\/div><\/div>\n<\/div>\n<\/div>\n<\/div>\n<\/div>\n<\/div>\n<div id=\"cmsmasters_row_pqmuqln52q\" class=\"cmsmasters_row cmsmasters_color_scheme_default moreinfosection cmsmasters_row_top_default cmsmasters_row_bot_default cmsmasters_row_boxed\">\n<div class=\"cmsmasters_row_outer_parent\">\n<div class=\"cmsmasters_row_outer\">\n<div class=\"cmsmasters_row_inner\">\n<div class=\"cmsmasters_row_margin\">\n<div id=\"cmsmasters_column_mv471jrugr\" class=\"cmsmasters_column one_fourth\">\n<div class=\"cmsmasters_column_inner\"><div class=\"custom_html\">\n<p><a href=\"\/program-nauczania\/\">Program Nauczania<\/a><\/p>\n<\/div>\n<\/div><\/div>\n<\/p>\n<div id=\"cmsmasters_column_vtl613udj\" class=\"cmsmasters_column one_fourth\">\n<div class=\"cmsmasters_column_inner\"><div class=\"custom_html\">\n<p><a href=\"\/patronka-szkoly\/\">Patronka Szko\u0142y<\/a><\/p>\n<\/div>\n<\/div><\/div>\n\n<div id=\"cmsmasters_column_g6fi5bwc68\" class=\"cmsmasters_column one_fourth\">\n<div class=\"cmsmasters_column_inner\"><div class=\"custom_html\">\n<p><a href=\"\/regulamin-szkoly\/\">Regulamin Szko\u0142y<\/a><\/p>\n<\/div>\n<\/div><\/div>\n\n<p><div id=\"cmsmasters_column_afr22asxv9\" class=\"cmsmasters_column one_fourth\">\n<div class=\"cmsmasters_column_inner\"><div class=\"custom_html\">\n<p><a href=\"\/zostan-partnerem\/\">Zosta\u0144 Partnerem<\/a><\/p>\n<\/div>\n<\/div><\/div>\n<\/div>\n<\/div>\n<\/div>\n<\/div>\n<\/div>\n\n\n\n<p><\/p>\n","protected":false},"excerpt":{"rendered":"","protected":false},"author":1,"featured_media":0,"parent":0,"menu_order":0,"comment_status":"closed","ping_status":"closed","template":"","meta":{"footnotes":""},"class_list":["post-16154","page","type-page","status-publish","hentry"],"_links":{"self":[{"href":"https:\/\/mojaszkola.com\/index.php?rest_route=\/wp\/v2\/pages\/16154","targetHints":{"allow":["GET"]}}],"collection":[{"href":"https:\/\/mojaszkola.com\/index.php?rest_route=\/wp\/v2\/pages"}],"about":[{"href":"https:\/\/mojaszkola.com\/index.php?rest_route=\/wp\/v2\/types\/page"}],"author":[{"embeddable":true,"href":"https:\/\/mojaszkola.com\/index.php?rest_route=\/wp\/v2\/users\/1"}],"replies":[{"embeddable":true,"href":"https:\/\/mojaszkola.com\/index.php?rest_route=%2Fwp%2Fv2%2Fcomments&post=16154"}],"version-history":[{"count":8,"href":"https:\/\/mojaszkola.com\/index.php?rest_route=\/wp\/v2\/pages\/16154\/revisions"}],"predecessor-version":[{"id":16650,"href":"https:\/\/mojaszkola.com\/index.php?rest_route=\/wp\/v2\/pages\/16154\/revisions\/16650"}],"wp:attachment":[{"href":"https:\/\/mojaszkola.com\/index.php?rest_route=%2Fwp%2Fv2%2Fmedia&parent=16154"}],"curies":[{"name":"wp","href":"https:\/\/api.w.org\/{rel}","templated":true}]}}